{"id":2,"date":"2015-09-09T10:37:21","date_gmt":"2015-09-09T08:37:21","guid":{"rendered":"http:\/\/psag-krefeld.de\/beschwerdestelle\/?page_id=2"},"modified":"2024-01-25T12:14:05","modified_gmt":"2024-01-25T11:14:05","slug":"beispiel-seite","status":"publish","type":"page","link":"https:\/\/psag-krefeld.de\/beschwerdestelle\/","title":{"rendered":"Herzlich willkommen"},"content":{"rendered":"<h2>Wer wir sind<\/h2>\n<p>Die Psychosoziale Beschwerdestelle Krefeld ist eine feste Gruppe bestehend aus<\/p>\n<ul>\n<li>Psychiatrieerfahrenen<\/li>\n<li>Angeh\u00f6rigen<\/li>\n<li>Engagierten B\u00fcrgern<\/li>\n<li>Fachkr\u00e4ften der psychiatrischen\/psychosozialen Versorgung<\/li>\n<\/ul>\n<h2>F\u00fcr wen wir da sind<\/h2>\n<p>F\u00fcr Menschen, die Schwierigkeiten haben mit Einrichtungen in der psychiatrischen\/psychosozialen Versorgung, wie z. B.:<\/p>\n<ul>\n<li>Psychiatrischen Kliniken<\/li>\n<li>Ambulanten oder station\u00e4ren Diensten<\/li>\n<li>Reha-Einrichtungen<\/li>\n<li>Wohnheimen<\/li>\n<li>Gesetzlicher Betreuung usw.<\/li>\n<li>Beh\u00f6rden<\/li>\n<\/ul>\n<h2>Was wir tun<\/h2>\n<p>Wir nehmen Beschwerden entgegen, gehen ihnen nach und wirken auf eine Kl\u00e4rung hin.<\/p>\n<p>Wir weisen die Einrichtungen auf strukturelle M\u00e4ngel hin, die aus den Beschwerden ersichtlich werden.<\/p>\n<h1>Wie wir vorgehen<\/h1>\n<p>Wir nehmen die Beschwerden im pers\u00f6nlichen Gespr\u00e4ch mit Ihnen auf.<br \/>\nDie eingegangenen Beschwerden und das weitere Vorgehen werden in der Gruppe besprochen.<\/p>\n<p>Die einzelnen Schritte werden mit Ihnen besprochen.<\/p>\n<ul>\n<li>Wir arbeiten neutral und unabh\u00e4ngig.<\/li>\n<li>Wir bearbeiten Ihr Anliegen vertraulich.<\/li>\n<li>Wir arbeiten f\u00fcr Sie kostenfrei.<\/li>\n<\/ul>\n","protected":false},"excerpt":{"rendered":"<p>Wer wir sind Die Psychosoziale Beschwerdestelle Krefeld ist eine feste Gruppe bestehend aus Psychiatrieerfahrenen Angeh\u00f6rigen Engagierten B\u00fcrgern Fachkr\u00e4ften der psychiatrischen\/psychosozialen Versorgung F\u00fcr wen wir da sind F\u00fcr Menschen, die Schwierigkeiten haben mit Einrichtungen in der psychiatrischen\/psychosozialen Versorgung, wie z. B.: Psychiatrischen Kliniken Ambulanten oder station\u00e4ren Diensten Reha-Einrichtungen Wohnheimen Gesetzlicher Betreuung usw. Beh\u00f6rden Was wir tun &hellip; <a href=\"https:\/\/psag-krefeld.de\/beschwerdestelle\/\" class=\"more-link\"><span class=\"screen-reader-text\">Herzlich willkommen<\/span> weiterlesen<\/a><\/p>\n","protected":false},"author":1,"featured_media":0,"parent":0,"menu_order":0,"comment_status":"closed","ping_status":"closed","template":"","meta":{"footnotes":""},"_links":{"self":[{"href":"https:\/\/psag-krefeld.de\/beschwerdestelle\/wp-json\/wp\/v2\/pages\/2"}],"collection":[{"href":"https:\/\/psag-krefeld.de\/beschwerdestelle\/wp-json\/wp\/v2\/pages"}],"about":[{"href":"https:\/\/psag-krefeld.de\/beschwerdestelle\/wp-json\/wp\/v2\/types\/page"}],"author":[{"embeddable":true,"href":"https:\/\/psag-krefeld.de\/beschwerdestelle\/wp-json\/wp\/v2\/users\/1"}],"replies":[{"embeddable":true,"href":"https:\/\/psag-krefeld.de\/beschwerdestelle\/wp-json\/wp\/v2\/comments?post=2"}],"version-history":[{"count":7,"href":"https:\/\/psag-krefeld.de\/beschwerdestelle\/wp-json\/wp\/v2\/pages\/2\/revisions"}],"predecessor-version":[{"id":34,"href":"https:\/\/psag-krefeld.de\/beschwerdestelle\/wp-json\/wp\/v2\/pages\/2\/revisions\/34"}],"wp:attachment":[{"href":"https:\/\/psag-krefeld.de\/beschwerdestelle\/wp-json\/wp\/v2\/media?parent=2"}],"curies":[{"name":"wp","href":"https:\/\/api.w.org\/{rel}","templated":true}]}}